{"id":134,"date":"2024-08-13T19:44:43","date_gmt":"2024-08-13T22:44:43","guid":{"rendered":"https:\/\/atypicalsstamps.com\/?page_id=134"},"modified":"2024-08-13T20:09:57","modified_gmt":"2024-08-13T23:09:57","slug":"quem-somos","status":"publish","type":"page","link":"https:\/\/atypicalsstamps.com\/index.php\/quem-somos\/","title":{"rendered":"Quem Somos ?"},"content":{"rendered":"\n<p>A ATYPICALS STAMPS and FREAK WEAR, \u00e9 uma loja virtual, fundada em setembro de 2023 pelo empreendedor Rainildo Souza , para que pudesse p\u00f4r em pr\u00e1tica seus conhecimentos t\u00e9cnicos em serigrafia, produzindo estampas bastante exclusivas.<\/p>\n\n\n\n<p>Somado a isso, procurou fornecedores locais para criar um produto m\u00e1ximo poss\u00edvel regional, passando pela confec\u00e7\u00e3o da mat\u00e9ria prima que s\u00e3o as camisas feitas em Manaus, e 100% algod\u00e3o, dentre outros produtos com o intuito de priorizar sempre o com\u00e9rcio local, gerando um ciclo de fonte de renda para a capital do Amazonas.<\/p>\n\n\n\n<p>Portanto, a ATYPICALS STAMPS and FREAKWEAR, fornece estampas nenhum pouco convencionais feitas em serigrafia ou em DTF, principalmente de bandas de Rock, Pop e etc \u2026 que voc\u00ea geralmente n\u00e3o encontra em nenhum lugar, al\u00e9m \u00e9 claro, de conforto e qualidade das camisas feitas em algod\u00e3o, que combinam com qualquer estilo e nunca saem de moda.<\/p>\n\n\n\n<p>Uma curiosidade, o nome ATYPICALS, vem do ingl\u00eas que significa at\u00edpicos, pois Rainildo e sua esposa s\u00e3o pais at\u00edpicos, ou seja, pais de uma crian\u00e7a autista, motivo pelo qual ele resolveu fundar a loja virtual e ter mais tempo para participar no desenvolvimento de seu filho de forma mais ativa.<\/p>\n\n\n\n<p>OBS: \u26a0\ufe0fTodos os produtos s\u00e3o produzidos de acordo com cada pedido. Sempre confirme o prazo pra entrega.\u26a0\ufe0f<\/p>\n","protected":false},"excerpt":{"rendered":"<p>A ATYPICALS STAMPS and FREAK WEAR, \u00e9 uma loja virtual, fundada em setembro de 2023 pelo empreendedor Rainildo Souza , [&hellip;]<\/p>\n","protected":false},"author":1,"featured_media":0,"parent":0,"menu_order":0,"comment_status":"closed","ping_status":"closed","template":"","meta":{"site-sidebar-layout":"default","site-content-layout":"","ast-site-content-layout":"","site-content-style":"default","site-sidebar-style":"default","ast-global-header-display":"","ast-banner-title-visibility":"","ast-main-header-display":"","ast-hfb-above-header-display":"","ast-hfb-below-header-display":"","ast-hfb-mobile-header-display":"","site-post-title":"","ast-breadcrumbs-content":"","ast-featured-img":"","footer-sml-layout":"","theme-transparent-header-meta":"","adv-header-id-meta":"","stick-header-meta":"","header-above-stick-meta":"","header-main-stick-meta":"","header-below-stick-meta":"","astra-migrate-meta-layouts":"default","ast-page-background-enabled":"default","ast-page-background-meta":{"desktop":{"background-color":"var(--ast-global-color-4)","background-image":"","background-repeat":"repeat","background-position":"center center","background-size":"auto","background-attachment":"scroll","background-type":"","background-media":"","overlay-type":"","overlay-color":"","overlay-opacity":"","overlay-gradient":""},"tablet":{"background-color":"","background-image":"","background-repeat":"repeat","background-position":"center center","background-size":"auto","background-attachment":"scroll","background-type":"","background-media":"","overlay-type":"","overlay-color":"","overlay-opacity":"","overlay-gradient":""},"mobile":{"background-color":"","background-image":"","background-repeat":"repeat","background-position":"center center","background-size":"auto","background-attachment":"scroll","background-type":"","background-media":"","overlay-type":"","overlay-color":"","overlay-opacity":"","overlay-gradient":""}},"ast-content-background-meta":{"desktop":{"background-color":"var(--ast-global-color-5)","background-image":"","background-repeat":"repeat","background-position":"center center","background-size":"auto","background-attachment":"scroll","background-type":"","background-media":"","overlay-type":"","overlay-color":"","overlay-opacity":"","overlay-gradient":""},"tablet":{"background-color":"var(--ast-global-color-5)","background-image":"","background-repeat":"repeat","background-position":"center center","background-size":"auto","background-attachment":"scroll","background-type":"","background-media":"","overlay-type":"","overlay-color":"","overlay-opacity":"","overlay-gradient":""},"mobile":{"background-color":"var(--ast-global-color-5)","background-image":"","background-repeat":"repeat","background-position":"center center","background-size":"auto","background-attachment":"scroll","background-type":"","background-media":"","overlay-type":"","overlay-color":"","overlay-opacity":"","overlay-gradient":""}},"footnotes":""},"class_list":["post-134","page","type-page","status-publish","hentry"],"_links":{"self":[{"href":"https:\/\/atypicalsstamps.com\/index.php\/wp-json\/wp\/v2\/pages\/134","targetHints":{"allow":["GET"]}}],"collection":[{"href":"https:\/\/atypicalsstamps.com\/index.php\/wp-json\/wp\/v2\/pages"}],"about":[{"href":"https:\/\/atypicalsstamps.com\/index.php\/wp-json\/wp\/v2\/types\/page"}],"author":[{"embeddable":true,"href":"https:\/\/atypicalsstamps.com\/index.php\/wp-json\/wp\/v2\/users\/1"}],"replies":[{"embeddable":true,"href":"https:\/\/atypicalsstamps.com\/index.php\/wp-json\/wp\/v2\/comments?post=134"}],"version-history":[{"count":2,"href":"https:\/\/atypicalsstamps.com\/index.php\/wp-json\/wp\/v2\/pages\/134\/revisions"}],"predecessor-version":[{"id":145,"href":"https:\/\/atypicalsstamps.com\/index.php\/wp-json\/wp\/v2\/pages\/134\/revisions\/145"}],"wp:attachment":[{"href":"https:\/\/atypicalsstamps.com\/index.php\/wp-json\/wp\/v2\/media?parent=134"}],"curies":[{"name":"wp","href":"https:\/\/api.w.org\/{rel}","templated":true}]}}